{"id":18,"date":"2023-09-14T17:35:48","date_gmt":"2023-09-14T15:35:48","guid":{"rendered":"http:\/\/smart-consultant.fr\/?page_id=18"},"modified":"2025-11-18T10:29:46","modified_gmt":"2025-11-18T09:29:46","slug":"accueil","status":"publish","type":"page","link":"https:\/\/smart-consultant.fr\/","title":{"rendered":"Accueil"},"content":{"rendered":"\n<div class=\"wp-block-cover alignfull is-light\" style=\"min-height:720px;aspect-ratio:unset;\"><span aria-hidden=\"true\" class=\"wp-block-cover__background has-background-dim-100 has-background-dim has-background-gradient\" style=\"background:linear-gradient(90deg,rgb(40,39,87) 24%,rgb(101,127,178) 100%)\"><\/span><div class=\"wp-block-cover__inner-container is-layout-flow wp-block-cover-is-layout-flow\">\n<div class=\"inherit-container-width wp-block-group alignwide is-layout-constrained wp-block-group-is-layout-constrained\">\n<div class=\"wp-block-media-text alignwide has-media-on-the-right is-stacked-on-mobile is-vertically-aligned-center\" style=\"grid-template-columns:auto 28%\"><div class=\"wp-block-media-text__content\">\n<h1 class=\"wp-block-heading has-text-align-left has-white-color has-text-color\">Cabinet de conseil \u00e0 impact positif<\/h1>\n\n\n\n<div class=\"wp-block-buttons is-layout-flex wp-block-buttons-is-layout-flex\">\n<div class=\"wp-block-button\"><a class=\"wp-block-button__link wp-element-button\" href=\"#Expertises\">Nos expertises<\/a><\/div>\n<\/div>\n<\/div><figure class=\"wp-block-media-text__media\"><img loading=\"lazy\" decoding=\"async\" width=\"512\" height=\"512\" src=\"http:\/\/smart-consultant.fr\/wp-content\/uploads\/2023\/09\/cropped-SMART_RVB_embleme.png\" alt=\"\" class=\"wp-image-25 size-full\" srcset=\"https:\/\/smart-consultant.fr\/wp-content\/uploads\/2023\/09\/cropped-SMART_RVB_embleme.png 512w, https:\/\/smart-consultant.fr\/wp-content\/uploads\/2023\/09\/cropped-SMART_RVB_embleme-300x300.png 300w, https:\/\/smart-consultant.fr\/wp-content\/uploads\/2023\/09\/cropped-SMART_RVB_embleme-150x150.png 150w, https:\/\/smart-consultant.fr\/wp-content\/uploads\/2023\/09\/cropped-SMART_RVB_embleme-270x270.png 270w, https:\/\/smart-consultant.fr\/wp-content\/uploads\/2023\/09\/cropped-SMART_RVB_embleme-192x192.png 192w, https:\/\/smart-consultant.fr\/wp-content\/uploads\/2023\/09\/cropped-SMART_RVB_embleme-180x180.png 180w, https:\/\/smart-consultant.fr\/wp-content\/uploads\/2023\/09\/cropped-SMART_RVB_embleme-32x32.png 32w\" sizes=\"auto, (max-width: 512px) 100vw, 512px\" \/><\/figure><\/div>\n<\/div>\n<\/div><\/div>\n\n\n\n<h2 class=\"wp-block-heading\"><\/h2>\n\n\n\n<p class=\"has-medium-font-size\"><strong>Nos offres s\u2019adressent aux entreprises et organisations souhaitant adopter progressivement mais r\u00e9solument les pratiques \u00e9co-responsables sur tout ou partie de leurs chaines de valeurs.<\/strong><\/p>\n\n\n\n<h2 class=\"wp-block-heading\" id=\"Apropos\">A propos<\/h2>\n\n\n\n<p>SMART est anim\u00e9 par 2 associ\u00e9s<\/p>\n\n\n\n<div class=\"wp-block-columns are-vertically-aligned-top is-layout-flex wp-container-core-columns-is-layout-00723822 wp-block-columns-is-layout-flex\">\n<div class=\"wp-block-column is-vertically-aligned-top is-layout-flow wp-container-core-column-is-layout-6b73ce23 wp-block-column-is-layout-flow\">\n<figure class=\"wp-block-image size-large\"><img loading=\"lazy\" decoding=\"async\" width=\"1024\" height=\"683\" src=\"http:\/\/smart-consultant.fr\/wp-content\/uploads\/2025\/11\/vh-sc-5615b-1024x683.jpeg\" alt=\"\" class=\"wp-image-165\" srcset=\"https:\/\/smart-consultant.fr\/wp-content\/uploads\/2025\/11\/vh-sc-5615b-1024x683.jpeg 1024w, https:\/\/smart-consultant.fr\/wp-content\/uploads\/2025\/11\/vh-sc-5615b-300x200.jpeg 300w, https:\/\/smart-consultant.fr\/wp-content\/uploads\/2025\/11\/vh-sc-5615b-768x512.jpeg 768w, https:\/\/smart-consultant.fr\/wp-content\/uploads\/2025\/11\/vh-sc-5615b-1536x1024.jpeg 1536w, https:\/\/smart-consultant.fr\/wp-content\/uploads\/2025\/11\/vh-sc-5615b-2048x1365.jpeg 2048w\" sizes=\"auto, (max-width: 1024px) 100vw, 1024px\" \/><\/figure>\n\n\n\n<p class=\"has-text-align-justified\"><strong>Mari\u00e8me DIOP<\/strong><br>Directrice G\u00e9n\u00e9rale \u2013 Depuis 20 ans, Mari\u00e8me accompagne les directions financi\u00e8res des secteurs assurances et banques \u00e0 r\u00e9aliser leur op\u00e9rations financi\u00e8res et comptables courantes, et \u00e0 produire les \u00e9tats financiers et r\u00e9glementaires attendus. Mari\u00e8me est en charge de d\u00e9velopper la finance responsable aux cot\u00e9s de nos clients.<\/p>\n<\/div>\n\n\n\n<div class=\"wp-block-column is-layout-flow wp-block-column-is-layout-flow\">\n<figure class=\"wp-block-image size-large\"><img loading=\"lazy\" decoding=\"async\" width=\"1024\" height=\"683\" src=\"https:\/\/smart-consultant.fr\/wp-content\/uploads\/2025\/11\/EZ7A4100-1024x683.jpeg\" alt=\"\" class=\"wp-image-169\" srcset=\"https:\/\/smart-consultant.fr\/wp-content\/uploads\/2025\/11\/EZ7A4100-1024x683.jpeg 1024w, https:\/\/smart-consultant.fr\/wp-content\/uploads\/2025\/11\/EZ7A4100-300x200.jpeg 300w, https:\/\/smart-consultant.fr\/wp-content\/uploads\/2025\/11\/EZ7A4100-768x512.jpeg 768w, https:\/\/smart-consultant.fr\/wp-content\/uploads\/2025\/11\/EZ7A4100-1536x1024.jpeg 1536w, https:\/\/smart-consultant.fr\/wp-content\/uploads\/2025\/11\/EZ7A4100-2048x1365.jpeg 2048w\" sizes=\"auto, (max-width: 1024px) 100vw, 1024px\" \/><\/figure>\n\n\n\n<p><strong>Rhoda MIGAUD<\/strong><br>Pr\u00e9sidente &#8211; Diplom\u00e9e de mast\u00e8re syst\u00e8me d&#8217;information \u00e0 Centrale Supelec, Rhoda accompagne depuis 20 ans les entreprises dans leurs projets de transformation. Anim\u00e9e par l&#8217;intelligence du coeur, Rhoda se consacre aujourd\u2019hui, au travers du cabinet SMART, \u00e0 accompagner les entreprises d\u00e9sireuses d\u2019adopter les meilleures pratiques de d\u00e9veloppement durable et responsable.<\/p>\n<\/div>\n<\/div>\n\n\n\n<h2 class=\"wp-block-heading\" id=\"Expertises\">Nos expertises<\/h2>\n\n\n\n<p><\/p>\n\n\n\n<div class=\"wp-block-columns are-vertically-aligned-top is-layout-flex wp-container-core-columns-is-layout-00723822 wp-block-columns-is-layout-flex\">\n<div class=\"wp-block-column is-vertically-aligned-top is-layout-flow wp-container-core-column-is-layout-6b73ce23 wp-block-column-is-layout-flow\">\n<figure class=\"wp-block-image size-full is-resized wp-duotone-unset-1\"><img loading=\"lazy\" decoding=\"async\" width=\"332\" height=\"235\" src=\"https:\/\/smart-consultant.fr\/wp-content\/uploads\/2024\/11\/Numerique.png\" alt=\"\" class=\"wp-image-75\" style=\"width:126px;height:auto\" srcset=\"https:\/\/smart-consultant.fr\/wp-content\/uploads\/2024\/11\/Numerique.png 332w, https:\/\/smart-consultant.fr\/wp-content\/uploads\/2024\/11\/Numerique-300x212.png 300w\" sizes=\"auto, (max-width: 332px) 100vw, 332px\" \/><\/figure>\n\n\n\n<h3 class=\"wp-block-heading has-text-align-left\" style=\"margin-top:16px\">Num\u00e9rique responsable<\/h3>\n\n\n\n<p class=\"has-text-align-left\">Rendre le num\u00e9rique accessible \u00e0 tous et r\u00e9duire l&#8217;impact de l&#8217;IT sur l&#8217;environnement<\/p>\n\n\n\n<p><\/p>\n<\/div>\n\n\n\n<div class=\"wp-block-column is-layout-flow wp-block-column-is-layout-flow\">\n<figure class=\"wp-block-image size-full is-resized\"><img loading=\"lazy\" decoding=\"async\" width=\"302\" height=\"252\" src=\"https:\/\/smart-consultant.fr\/wp-content\/uploads\/2024\/11\/Finance.png\" alt=\"\" class=\"wp-image-77\" style=\"width:107px;height:auto\" srcset=\"https:\/\/smart-consultant.fr\/wp-content\/uploads\/2024\/11\/Finance.png 302w, https:\/\/smart-consultant.fr\/wp-content\/uploads\/2024\/11\/Finance-300x250.png 300w\" sizes=\"auto, (max-width: 302px) 100vw, 302px\" \/><\/figure>\n\n\n\n<h3 class=\"wp-block-heading\" style=\"font-size:25px\">Finance responsable<\/h3>\n\n\n\n<p style=\"margin-top:7px;margin-bottom:7px\">Accompagner des projets de fonds d\u2019investissement responsables et \u00e0 se pr\u00e9parer \u00e0 la production de reportings extra-financiers : CSRD, rapport de durabilit\u00e9<\/p>\n\n\n\n<p><\/p>\n<\/div>\n\n\n\n<div class=\"wp-block-column is-vertically-aligned-top is-layout-flow wp-container-core-column-is-layout-6b73ce23 wp-block-column-is-layout-flow\">\n<figure class=\"wp-block-image size-full is-resized wp-duotone-unset-2\"><img loading=\"lazy\" decoding=\"async\" width=\"284\" height=\"252\" src=\"https:\/\/smart-consultant.fr\/wp-content\/uploads\/2024\/11\/Achat.png\" alt=\"\" class=\"wp-image-76\" style=\"width:107px;height:auto\"\/><\/figure>\n\n\n\n<h3 class=\"wp-block-heading has-text-align-left\" style=\"margin-top:16px\">Achats responsables<\/h3>\n\n\n\n<p>Int\u00e9grer des exigences et des crit\u00e8res d&#8217;achats en faveur de la protection et de la mise en valeur de l\u2019environnement, du progr\u00e8s social et du d\u00e9veloppement \u00e9conomique<\/p>\n\n\n\n<p><\/p>\n<\/div>\n\n\n\n<div class=\"wp-block-column is-vertically-aligned-top is-layout-flow wp-container-core-column-is-layout-6b73ce23 wp-block-column-is-layout-flow\">\n<figure class=\"wp-block-image size-full is-resized wp-duotone-unset-3\"><img loading=\"lazy\" decoding=\"async\" width=\"258\" height=\"252\" src=\"https:\/\/smart-consultant.fr\/wp-content\/uploads\/2024\/11\/Immo.png\" alt=\"\" class=\"wp-image-78\" style=\"width:97px;height:auto\"\/><\/figure>\n\n\n\n<h3 class=\"wp-block-heading has-text-align-left\" style=\"margin-top:16px\">Immobilier responsable<\/h3>\n\n\n\n<p class=\"has-text-align-left\">Concevoir et optimiser votre parc immobilier pour all\u00e9ger son empreinte carbone<\/p>\n<\/div>\n<\/div>\n\n\n\n<p><\/p>\n\n\n\n<p><\/p>\n\n\n\n<h2 class=\"wp-block-heading\">Les types de missions r\u00e9alis\u00e9es <\/h2>\n\n\n\n<p><\/p>\n\n\n\n<div class=\"wp-block-columns are-vertically-aligned-top is-layout-flex wp-container-core-columns-is-layout-00723822 wp-block-columns-is-layout-flex\">\n<div class=\"wp-block-column is-vertically-aligned-top is-layout-flow wp-container-core-column-is-layout-6b73ce23 wp-block-column-is-layout-flow\">\n<figure class=\"wp-block-image size-full is-resized wp-duotone-unset-4\"><img loading=\"lazy\" decoding=\"async\" width=\"219\" height=\"208\" src=\"https:\/\/smart-consultant.fr\/wp-content\/uploads\/2024\/11\/Strategie.png\" alt=\"\" class=\"wp-image-144\" style=\"width:110px;height:auto\"\/><\/figure>\n\n\n\n<h3 class=\"wp-block-heading has-text-align-left\" style=\"margin-top:16px\"><strong>Strat\u00e9gie<\/strong><\/h3>\n\n\n\n<ul class=\"wp-block-list\">\n<li style=\"margin-right:0;margin-left:0\">Conception de strat\u00e9gie RSE<\/li>\n\n\n\n<li style=\"margin-right:0;margin-left:0\">Construction et pilotage de feuille de route RSE<br><\/li>\n<\/ul>\n\n\n\n<p><\/p>\n<\/div>\n\n\n\n<div class=\"wp-block-column is-layout-flow wp-block-column-is-layout-flow\">\n<figure class=\"wp-block-image size-full is-resized\"><img loading=\"lazy\" decoding=\"async\" width=\"240\" height=\"208\" src=\"https:\/\/smart-consultant.fr\/wp-content\/uploads\/2024\/11\/Formation.png\" alt=\"\" class=\"wp-image-145\" style=\"width:110px;height:auto\"\/><\/figure>\n\n\n\n<h3 class=\"wp-block-heading\" style=\"font-size:25px\"><strong>Formation \/ Sensibilisation<\/strong><\/h3>\n\n\n\n<ul class=\"wp-block-list\">\n<li>Sensibilisation aux pratiques \u00e9co-responsables<\/li>\n\n\n\n<li>Mise en place de d\u00e9marche d&#8217;\u00e9co-conception<\/li>\n<\/ul>\n\n\n\n<p><\/p>\n<\/div>\n\n\n\n<div class=\"wp-block-column is-vertically-aligned-top is-layout-flow wp-container-core-column-is-layout-6b73ce23 wp-block-column-is-layout-flow\">\n<figure class=\"wp-block-image size-full is-resized wp-duotone-unset-5\"><img loading=\"lazy\" decoding=\"async\" width=\"260\" height=\"208\" src=\"https:\/\/smart-consultant.fr\/wp-content\/uploads\/2024\/11\/Reporting.png\" alt=\"\" class=\"wp-image-146\" style=\"width:125px;height:auto\"\/><\/figure>\n\n\n\n<h3 class=\"wp-block-heading has-text-align-left\" style=\"margin-top:16px\"><strong>Financier et extra-financier<\/strong><\/h3>\n\n\n\n<ul class=\"wp-block-list\">\n<li>Accompagnement de projets de fonds d\u2019investissement responsables<\/li>\n\n\n\n<li>Accompagnement \u00e0 la production de reporting extra-financier de type CSRD<\/li>\n<\/ul>\n\n\n\n<p><\/p>\n<\/div>\n\n\n\n<div class=\"wp-block-column is-vertically-aligned-top is-layout-flow wp-container-core-column-is-layout-6b73ce23 wp-block-column-is-layout-flow\">\n<figure class=\"wp-block-image size-full is-resized wp-duotone-unset-6\"><img loading=\"lazy\" decoding=\"async\" width=\"231\" height=\"208\" src=\"https:\/\/smart-consultant.fr\/wp-content\/uploads\/2024\/11\/Organisation.png\" alt=\"\" class=\"wp-image-147\" style=\"width:110px;height:auto\"\/><\/figure>\n\n\n\n<h3 class=\"wp-block-heading has-text-align-left\" style=\"margin-top:16px\"><strong>Organisation et pilotage<\/strong><\/h3>\n\n\n\n<ul class=\"wp-block-list\">\n<li>Mise en place d&#8217;operating model responsable<\/li>\n\n\n\n<li>Mise en place d\u2019indicateurs de pilotage d&#8217;impacts<br><\/li>\n<\/ul>\n<\/div>\n<\/div>\n\n\n\n<h2 class=\"wp-block-heading\" id=\"Contact\"><\/h2>\n\n\n\n<p><\/p>\n","protected":false},"excerpt":{"rendered":"<p>Nos offres s\u2019adressent aux entreprises et organisations souhaitant adopter progressivement mais r\u00e9solument les pratiques \u00e9co-responsables sur tout ou partie de leurs chaines de valeurs. A propos SMART est anim\u00e9 par 2 associ\u00e9s Mari\u00e8me DIOPDirectrice G\u00e9n\u00e9rale \u2013 Depuis 20 ans, Mari\u00e8me accompagne les directions financi\u00e8res des secteurs assurances et banques \u00e0 r\u00e9aliser leur op\u00e9rations financi\u00e8res et &hellip;<\/p>\n<p class=\"read-more\"> <a class=\"\" href=\"https:\/\/smart-consultant.fr\/\"> <span class=\"screen-reader-text\">Accueil<\/span> Read More &raquo;<\/a><\/p>\n","protected":false},"author":1,"featured_media":0,"parent":0,"menu_order":0,"comment_status":"closed","ping_status":"closed","template":"","meta":{"site-sidebar-layout":"no-sidebar","site-content-layout":"plain-container","ast-site-content-layout":"","site-content-style":"default","site-sidebar-style":"default","ast-global-header-display":"","ast-banner-title-visibility":"","ast-main-header-display":"","ast-hfb-above-header-display":"","ast-hfb-below-header-display":"","ast-hfb-mobile-header-display":"","site-post-title":"disabled","ast-breadcrumbs-content":"","ast-featured-img":"","footer-sml-layout":"","theme-transparent-header-meta":"enabled","adv-header-id-meta":"","stick-header-meta":"","header-above-stick-meta":"","header-main-stick-meta":"","header-below-stick-meta":"","astra-migrate-meta-layouts":"","footnotes":""},"class_list":["post-18","page","type-page","status-publish","hentry"],"_links":{"self":[{"href":"https:\/\/smart-consultant.fr\/index.php\/wp-json\/wp\/v2\/pages\/18","targetHints":{"allow":["GET"]}}],"collection":[{"href":"https:\/\/smart-consultant.fr\/index.php\/wp-json\/wp\/v2\/pages"}],"about":[{"href":"https:\/\/smart-consultant.fr\/index.php\/wp-json\/wp\/v2\/types\/page"}],"author":[{"embeddable":true,"href":"https:\/\/smart-consultant.fr\/index.php\/wp-json\/wp\/v2\/users\/1"}],"replies":[{"embeddable":true,"href":"https:\/\/smart-consultant.fr\/index.php\/wp-json\/wp\/v2\/comments?post=18"}],"version-history":[{"count":82,"href":"https:\/\/smart-consultant.fr\/index.php\/wp-json\/wp\/v2\/pages\/18\/revisions"}],"predecessor-version":[{"id":175,"href":"https:\/\/smart-consultant.fr\/index.php\/wp-json\/wp\/v2\/pages\/18\/revisions\/175"}],"wp:attachment":[{"href":"https:\/\/smart-consultant.fr\/index.php\/wp-json\/wp\/v2\/media?parent=18"}],"curies":[{"name":"wp","href":"https:\/\/api.w.org\/{rel}","templated":true}]}}